{"id":12131,"date":"2025-07-01T14:17:10","date_gmt":"2025-07-01T12:17:10","guid":{"rendered":"https:\/\/www.revalantiik.ee\/?post_type=product&#038;p=12131"},"modified":"2025-07-01T14:23:42","modified_gmt":"2025-07-01T12:23:42","slug":"kfk-ars-keraamikaateljee-vaas","status":"publish","type":"product","link":"https:\/\/www.revalantiik.ee\/en\/product\/kfk-ars-keraamikaateljee-vaas\/","title":{"rendered":"kfk \/ ars ceramic studio vase"},"content":{"rendered":"<p>Designed by Saima S\u00f5mer.<\/p>\n<p>Circa 1970s, Estonia.<\/p>\n<p>M\u00f5\u00f5dud: k\u00f5rgus 16,0 cm, diameeter 10,0 cm.<\/p>","protected":false},"excerpt":{"rendered":"<p>In good condition.<\/p>","protected":false},"featured_media":12132,"template":"","meta":[],"product_cat":[172],"product_tag":[],"class_list":{"0":"post-12131","1":"product","2":"type-product","3":"status-publish","4":"has-post-thumbnail","6":"product_cat-portselan-keraamika","8":"first","9":"instock","10":"sold-individually","11":"shipping-taxable","12":"purchasable","13":"product-type-simple"},"jetpack_sharing_enabled":true,"_links":{"self":[{"href":"https:\/\/www.revalantiik.ee\/en\/wp-json\/wp\/v2\/product\/12131","targetHints":{"allow":["GET"]}}],"collection":[{"href":"https:\/\/www.revalantiik.ee\/en\/wp-json\/wp\/v2\/product"}],"about":[{"href":"https:\/\/www.revalantiik.ee\/en\/wp-json\/wp\/v2\/types\/product"}],"version-history":[{"count":2,"href":"https:\/\/www.revalantiik.ee\/en\/wp-json\/wp\/v2\/product\/12131\/revisions"}],"predecessor-version":[{"id":12136,"href":"https:\/\/www.revalantiik.ee\/en\/wp-json\/wp\/v2\/product\/12131\/revisions\/12136"}],"wp:featuredmedia":[{"embeddable":true,"href":"https:\/\/www.revalantiik.ee\/en\/wp-json\/wp\/v2\/media\/12132"}],"wp:attachment":[{"href":"https:\/\/www.revalantiik.ee\/en\/wp-json\/wp\/v2\/media?parent=12131"}],"wp:term":[{"taxonomy":"product_cat","embeddable":true,"href":"https:\/\/www.revalantiik.ee\/en\/wp-json\/wp\/v2\/product_cat?post=12131"},{"taxonomy":"product_tag","embeddable":true,"href":"https:\/\/www.revalantiik.ee\/en\/wp-json\/wp\/v2\/product_tag?post=12131"}],"curies":[{"name":"wp","href":"https:\/\/api.w.org\/{rel}","templated":true}]}}