{"id":2116,"date":"2023-01-01T02:00:11","date_gmt":"2023-01-01T00:00:11","guid":{"rendered":"https:\/\/gaelle.qodeinteractive.com\/?page_id=2116"},"modified":"2023-11-28T10:09:56","modified_gmt":"2023-11-28T08:09:56","slug":"kokkuost","status":"publish","type":"page","link":"https:\/\/www.revalantiik.ee\/en\/kokkuost\/","title":{"rendered":"We Buy"},"content":{"rendered":"<div data-elementor-type=\"wp-page\" data-elementor-id=\"2116\" class=\"elementor elementor-2116\">\n\t\t\t\t\t\t<section class=\"elementor-section elementor-top-section elementor-element elementor-element-c28810c elementor-section-full_width elementor-section-height-default elementor-section-height-default\" data-id=\"c28810c\" data-element_type=\"section\">\n\t\t\t\t\t\t<div class=\"elementor-container elementor-column-gap-default\">\n\t\t\t\t\t<div class=\"elementor-column elementor-col-100 elementor-top-column elementor-element elementor-element-084523a\" data-id=\"084523a\" data-element_type=\"column\">\n\t\t\t<div class=\"elementor-widget-wrap elementor-element-populated\">\n\t\t\t\t\t\t<div class=\"elementor-element elementor-element-ea0ef1d elementor-widget-tablet__width-initial elementor-widget-mobile__width-inherit elementor-widget elementor-widget-gaelle_core_section_title\" data-id=\"ea0ef1d\" data-element_type=\"widget\" data-widget_type=\"gaelle_core_section_title.default\">\n\t\t\t\t<div class=\"elementor-widget-container\">\n\t\t\t\t\t<div class=\"qodef-shortcode qodef-m  qodef-section-title qodef-alignment--center qodef-title-break--disabled\">\n\t\t<h4 class=\"qodef-m-subtitle\" >\n\t\tANTIQUES AND ART\t<\/h4>\n\t\t<h1 class=\"qodef-m-title\" style=\"margin-top: 20px\">\n\t\t\t\t\tBUYING AND ASSESSMENT\t\t\t<\/h1>\n\t<\/div>\n\t\t\t\t<\/div>\n\t\t\t\t<\/div>\n\t\t\t\t<div class=\"elementor-element elementor-element-41b01a9 elementor-widget elementor-widget-spacer\" data-id=\"41b01a9\" data-element_type=\"widget\" data-widget_type=\"spacer.default\">\n\t\t\t\t<div class=\"elementor-widget-container\">\n\t\t\t\t\t\t\t<div class=\"elementor-spacer\">\n\t\t\t<div class=\"elementor-spacer-inner\"><\/div>\n\t\t<\/div>\n\t\t\t\t\t\t<\/div>\n\t\t\t\t<\/div>\n\t\t\t\t\t<\/div>\n\t\t<\/div>\n\t\t\t\t\t<\/div>\n\t\t<\/section>\n\t\t<div class=\"elementor-element elementor-element-0b6717b e-flex e-con-boxed e-con e-parent\" data-id=\"0b6717b\" data-element_type=\"container\">\n\t\t\t\t\t<div class=\"e-con-inner\">\n\t\t<div class=\"elementor-element elementor-element-aa0a156 e-con-full e-flex e-con e-child\" data-id=\"aa0a156\" data-element_type=\"container\">\n\t\t\t\t<div class=\"elementor-element elementor-element-bcd1daa elementor-widget__width-initial elementor-widget elementor-widget-text-editor\" data-id=\"bcd1daa\" data-element_type=\"widget\" data-widget_type=\"text-editor.default\">\n\t\t\t\t<div class=\"elementor-widget-container\">\n\t\t\t\t\t\t\t\t\t<h4 style=\"background-color: #ffffff;\">WE BUY ART AND ANTIQUES ALL OVER ESTONIA<\/h4><p style=\"background-color: #ffffff;\"><span style=\"color: #001747;\">We buy all kinds of antique, vintage items for cash or bank transfer. Assessment, house calls and transport are free. We do household clearance purchases. This means that we will buy and move all items you do not need from apartments, residential buildings and outbuildings. We can also do attics and basements. We make a collective offer for all the goods offered.<br \/><br \/>Fill out the quote form and add pictures if possible. We will review all the items and will get back to you with an offer.<\/span><\/p>\t\t\t\t\t\t\t\t<\/div>\n\t\t\t\t<\/div>\n\t\t\t\t<\/div>\n\t\t<div class=\"elementor-element elementor-element-a9d19c1 e-con-full e-flex e-con e-child\" data-id=\"a9d19c1\" data-element_type=\"container\">\n\t\t\t\t<div class=\"elementor-element elementor-element-17b770f elementor-widget elementor-widget-qi_addons_for_elementor_contact_form_7\" data-id=\"17b770f\" data-element_type=\"widget\" data-widget_type=\"qi_addons_for_elementor_contact_form_7.default\">\n\t\t\t\t<div class=\"elementor-widget-container\">\n\t\t\t\t\t<div class=\"qodef-shortcode qodef-m qodef-qi-contact-form-7\">\n\t\n<div class=\"wpcf7 no-js\" id=\"wpcf7-f10905-o1\" lang=\"et\" dir=\"ltr\" data-wpcf7-id=\"10905\">\n<div class=\"screen-reader-response\"><p role=\"status\" aria-live=\"polite\" aria-atomic=\"true\"><\/p> <ul><\/ul><\/div>\n<form action=\"\/en\/wp-json\/wp\/v2\/pages\/2116#wpcf7-f10905-o1\" method=\"post\" class=\"wpcf7-form init\" aria-label=\"Contact form\" novalidate=\"novalidate\" data-status=\"init\" data-trp-original-action=\"\/en\/wp-json\/wp\/v2\/pages\/2116#wpcf7-f10905-o1\">\n<fieldset class=\"hidden-fields-container\"><input type=\"hidden\" name=\"_wpcf7\" value=\"10905\" \/><input type=\"hidden\" name=\"_wpcf7_version\" value=\"6.1.4\" \/><input type=\"hidden\" name=\"_wpcf7_locale\" value=\"et\" \/><input type=\"hidden\" name=\"_wpcf7_unit_tag\" value=\"wpcf7-f10905-o1\" \/><input type=\"hidden\" name=\"_wpcf7_container_post\" value=\"0\" \/><input type=\"hidden\" name=\"_wpcf7_posted_data_hash\" value=\"\" \/>\n<\/fieldset>\n<label> Name:\n    <span class=\"wpcf7-form-control-wrap\" data-name=\"your-name\"><input size=\"40\" maxlength=\"400\" class=\"wpcf7-form-control wpcf7-text wpcf7-validates-as-required\" autocomplete=\"name\" aria-required=\"true\" aria-invalid=\"false\" value=\"\" type=\"text\" name=\"your-name\" \/><\/span> <\/label>\n\n<label> E-mail:\n    <span class=\"wpcf7-form-control-wrap\" data-name=\"your-email\"><input size=\"40\" maxlength=\"400\" class=\"wpcf7-form-control wpcf7-email wpcf7-validates-as-required wpcf7-text wpcf7-validates-as-email\" autocomplete=\"email\" aria-required=\"true\" aria-invalid=\"false\" value=\"\" type=\"email\" name=\"your-email\" \/><\/span> <\/label>\n\n<label> Phone:\n    <span class=\"wpcf7-form-control-wrap\" data-name=\"your-phone\"><input size=\"40\" maxlength=\"400\" class=\"wpcf7-form-control wpcf7-tel wpcf7-text wpcf7-validates-as-tel\" autocomplete=\"phone\" aria-invalid=\"false\" value=\"\" type=\"tel\" name=\"your-phone\" \/><\/span> <\/label>\n\n<label> Description:\n    <span class=\"wpcf7-form-control-wrap\" data-name=\"your-message\"><textarea cols=\"40\" rows=\"10\" maxlength=\"2000\" class=\"wpcf7-form-control wpcf7-textarea wpcf7-validates-as-required\" aria-required=\"true\" aria-invalid=\"false\" name=\"your-message\"><\/textarea><\/span> <\/label>\n\n<label> Photos:\n<span class=\"wpcf7-form-control-wrap\" data-name=\"attachments\"><input size=\"40\" class=\"wpcf7-form-control wpcf7-drag-n-drop-file d-none\" aria-invalid=\"false\" type=\"file\" multiple=\"multiple\" data-name=\"attachments\" data-limit=\"10485760\" data-min=\"0\" data-max=\"10\" data-id=\"10905\" data-version=\"free version 1.3.9.3\" accept=\".\" \/><\/span> <\/label>\n\n<button class=\"wpcf7-form-control wpcf7-submit qodef-button qodef-size--normal qodef-layout--filled qodef-m\" type=\"submit\"><span class=\"qodef-m-text\">Send<\/span><\/button><p style=\"display: none !important;\" class=\"akismet-fields-container\" data-prefix=\"_wpcf7_ak_\"><label>&#916;<textarea name=\"_wpcf7_ak_hp_textarea\" cols=\"45\" rows=\"8\" maxlength=\"100\"><\/textarea><\/label><input type=\"hidden\" id=\"ak_js_1\" name=\"_wpcf7_ak_js\" value=\"159\"\/><script>document.getElementById( \"ak_js_1\" ).setAttribute( \"value\", ( new Date() ).getTime() );<\/script><\/p><div class=\"wpcf7-response-output\" aria-hidden=\"true\"><\/div>\n<input type=\"hidden\" name=\"trp-form-language\" value=\"en\"\/><\/form>\n<\/div>\n<\/div>\n\t\t\t\t<\/div>\n\t\t\t\t<\/div>\n\t\t\t\t<\/div>\n\t\t\t\t\t<\/div>\n\t\t\t\t<\/div>\n\t\t\t\t<section class=\"elementor-section elementor-top-section elementor-element elementor-element-0f7121b elementor-section-full_width qodef-elementor-content-grid elementor-section-height-default elementor-section-height-default\" data-id=\"0f7121b\" data-element_type=\"section\">\n\t\t\t\t\t\t<div class=\"elementor-container elementor-column-gap-default\">\n\t\t\t\t\t<div class=\"elementor-column elementor-col-100 elementor-top-column elementor-element elementor-element-8de2fcf\" data-id=\"8de2fcf\" data-element_type=\"column\">\n\t\t\t<div class=\"elementor-widget-wrap elementor-element-populated\">\n\t\t\t\t\t\t<div class=\"elementor-element elementor-element-c84fa81 elementor-widget elementor-widget-text-editor\" data-id=\"c84fa81\" data-element_type=\"widget\" data-widget_type=\"text-editor.default\">\n\t\t\t\t<div class=\"elementor-widget-container\">\n\t\t\t\t\t\t\t\t\t<h4><span style=\"font-family: var( --e-global-typography-text-font-family ), Sans-serif;\">WE ARE INTERESTED IN BUYING THE FOLLOWING ITEMS:<\/span><\/h4>\n<h4><strong style=\"font-family: var( --e-global-typography-text-font-family ), Sans-serif; font-size: 16px;\">ART<\/strong><br><\/h4>\n<p><span style=\"color: #001747;\">Oil paintings, watercolor, pastel, pencil and ink drawings, graphics, icons, engravings, sculptures, all kinds of works made by artists in different techniques. Up to present day.<\/span><\/p>\n<p><span style=\"color: #001747;\"><strong>FURNITURE<\/strong><\/span><\/p>\n<p><span style=\"color: #001747;\">Furniture used in the farm, town and manor. Furniture used in offices, factories, pharmacies and businesses. Furniture with an interesting design produced in the Estonian SSR. Furniture used outside and on the veranda.<\/span><\/p>\n<p><span style=\"color: #001747;\">Different styles: Art Nouveau, Art Deco, Biedermeier, Empire, Gothic, Baroque, Rococo, etc.<\/span><\/p>\n<p><span style=\"color: #001747;\">All kinds of furnishing elements for the room, kitchen, bathroom, hallway. Chairs, sofas, beds, sofas, sofa and dining tables, pedestals, mirrors, desks, nightstands, sideboards, curtain rods, nightstands, desks, shelves, etc.<\/span><\/p>\n<p><span style=\"color: #001747;\">Items may require restoration.<\/span><\/p>\n<p><span style=\"color: #001747;\"><strong>GLASS AND CRYSTAL<\/strong><\/span><\/p>\n<p><span style=\"color: #001747;\">Plates, bowls, pitchers, laces, decanters, crystal with silver, chest eggs (paperweights), sugar bowls, cream jugs, soda and beer bottles, Lorup crystal, consumer glass production, products with interesting designs up to today.<\/span><\/p>\n<p><span style=\"color: #001747;\"><strong>PORCELAIN AND CERAMICS<\/strong><\/span><\/p>\n<p><span style=\"color: #001747;\">Tableware and crockery, statues, wall plates, vases, wall decorations, egg cups, salt shakers, cream and milk jugs, platters, etc. Up to the present day.<\/span><\/p>\n<p><span style=\"color: #001747;\"><strong>CLOCKS AND WATCHES<\/strong><\/span><\/p>\n<p><span style=\"color: #001747;\">Pocket and wrist watches, watches made of silver and gold, table and wall clocks, floor and fireplace clocks, alarm clocks, sand, sun and stop clocks. Also interested in watchmaker's tools, spare parts. Stopwatches and watches.<\/span><\/p>\n<p><span style=\"color: #001747;\"><strong>LAMPS<\/strong><\/span><\/p>\n<p><span style=\"color: #001747;\">Ceiling, floor, wall and table lamps, chandeliers, gas and kerosene lamps, pendant lamps, lanterns, lamps for bicycles or motor vehicles, etc.<\/span><\/p>\n<p><span style=\"color: #001747;\"><strong>ITEMS FROM PRECIOUS METALS<\/strong><\/span><\/p>\n<p><span style=\"color: #001747;\">Rings and jewelry, jewelry with precious stones, pendants, pendants, arm, neck and study chains, silver tableware, goblets, laces, tea strainers, ladles, knives, forks, spoons, thimbles, brooches, straws, cigarillos, bracelets, napkin holders, trinkets and beauty things, etc. Up to the present day.<\/span><\/p>\n<p><span style=\"color: #001747;\"><strong>TOYS<\/strong><\/span><\/p>\n<p><span style=\"color: #001747;\">Dolls, teddy bears, tin toys, rocking horses, models of cars, planes, ships and trains, board games, plastic and rubber toys, dollhouses and furniture, turn-key toys, toys that develop dexterity and knowledge, etc.<\/span><\/p>\n<p><span style=\"color: #001747;\"><strong>MILITARY THEME<\/strong><\/span><\/p>\n<p><span style=\"color: #001747;\">Uniforms, hats, helmets, shoes, swords, scabbards, bayonets, belts and buckles, badges, medals, orders, badges, front-loading rifles and muskets (which do not require a separate weapons permit), documents, insignia, photos, flags, all kinds of equipment.<\/span><\/p>\n<p><span style=\"color: #001747;\"><strong>PRINTS<\/strong><\/span><\/p>\n<p><span style=\"color: #001747;\">Books (up to the present day), newspapers, magazines, documents, postcards and envelopes (clean and postmarked), diplomas, letters of honor, candy wrappers, bottle labels, country maps, teaching aids, primers, calendars, lottery tickets, wall posters, printed pictures, advertising brochures, all kinds of paper stuff.<\/span><\/p>\n<p><span style=\"color: #001747;\"><strong>HOUSEHOLD ITEMS<\/strong><\/span><\/p>\n<p><span style=\"color: #001747;\">Candlesticks, mortars, clocks, marga trees, scales and scales, chests, woks, cameras and accessories, radios, coffee grinders, desk carnitures, gramophones, toy boxes, telephones, barometers, thermometers, walking sticks and umbrellas, irons, counting tables, samovars, trays, binoculars, furniture, various tools and instruments, carpets, rugs, textiles, souvenirs.<\/span><\/p>\n<p><span style=\"color: #001747;\">Everything from a thread and a needle to a tile oven fits this category.<\/span><\/p>\n<p><span style=\"color: #001747;\"><strong>COLLECTIBLES<\/strong><\/span><\/p>\n<p><span style=\"color: #001747;\">Individually or as a collection - stamps, coins, paper money, badges, medals and table medals, decorations, postcards and envelopes, matchbox labels, playing cards, bottle labels, lighters, pens, buttons, etc. Up to the present day.<\/span><\/p>\n<p><span style=\"color: #001747;\"><strong>SEA THEME<\/strong><\/span><\/p>\n<p><span style=\"color: #001747;\">Uniforms, anchors, long eyes, steering wheels, compasses, chronometers, sextants, nautical charts, ship's clocks, lamps, whistles, foghorns, sailor's chests, blocks, logs, fishing nets, net eggs, flags, ship's furnishings, \"captain's\" paintings, ship's models, circles, rulers and aids etc.<\/span><\/p>\n<p><span style=\"color: #001747;\"><strong>WOODEN ITEMS<\/strong><\/span><\/p>\n<p><span style=\"color: #001747;\">Dishes, beer mugs, bowls, butter dishes, birch wood items, wooden bowls, barrels, coffins, racks, tools, crafts, old doors and window frames, etc.<\/span><\/p>\n<p><span style=\"color: #001747;\"><strong>RELIGION<\/strong><\/span><\/p>\n<p><span style=\"color: #001747;\">Objects related to different religions: holy pictures, icons, icon lamps, crosses, altars, Bibles, hymnals, etc.<\/span><\/p>\n<p><span style=\"color: #001747;\"><strong>AND MORE<\/strong><\/span><\/p>\n<p><span style=\"color: #001747;\">Everything related to fire, medical, police, postal, travel, commercial, industrial, unic-moto, sports, education, fishing, hunting, architecture, music, leisure activities,<\/span><span style=\"color: #001747; font-family: var( --e-global-typography-text-font-family ), Sans-serif; font-weight: var( --e-global-typography-text-font-weight );\">society related, with state management (National Assembly, President, various ministries), prisons, mines, railways, border guards, customs, deportation,&nbsp;<\/span><span style=\"color: #001747; font-family: var( --e-global-typography-text-font-family ), Sans-serif; font-weight: var( --e-global-typography-text-font-weight );\">famous people, keeping bees and animals, making spirits and beer, science, the Olympics, etc.<\/span><\/p>\n<p><span style=\"color: #001747; font-family: var( --e-global-typography-text-font-family ), Sans-serif; font-weight: var( --e-global-typography-text-font-weight );\">The list could go on for a long time.<\/span><\/p>\n<h4><span style=\"color: #001747;\">YOU CAN OFFER EVERYTHING THAT SEEMS TO BE OLD.<br>DON'T BE AFRAID TO ASK FOR EXPERT OPINION!<\/span><\/h4>\n<p><span style=\"color: #001747;\"><b>NB! <\/b>We accept items for commission sales if it is difficult to immediately determine the value of the items on the spot or in case we don't have previous experience in buying and selling this specific item&nbsp;<\/span><span style=\"color: #001747;\">or the price requested is equal to market price.<\/span><\/p>\n<p><span style=\"color: #001747;\">In these cases, we will agree on a price with the client, which the client will definitely receive after the sale. For our part, we add a reasonable commission to the client's price. If the items cannot be sold, we will return the items to the client and the client will not incur any costs. In any case, we will find out the prices, which would be the real selling prices for these items at the moment.<\/span><\/p>\t\t\t\t\t\t\t\t<\/div>\n\t\t\t\t<\/div>\n\t\t\t\t\t<\/div>\n\t\t<\/div>\n\t\t\t\t\t<\/div>\n\t\t<\/section>\n\t\t\t\t<\/div>","protected":false},"excerpt":{"rendered":"<p>KUNSTI JA VANAVARA KOKKUOST JA HINDAMINE OSTAME KUNSTI JA VANAVARA \u00dcLE EESTI Ostame sularaha eest v\u00f5i panga\u00fclekandega k\u00f5ikv\u00f5imalikke vanaaegseid esemeid. Hindamine, kojukutsed ja transport on tasuta. Teostame majapidamiste l\u00f5petamise t\u00fchjendusoste. See t\u00e4hendab, et viime \u00e4ra k\u00f5ik Teile mittevajalikud esemed korteritest, elamutest ja k\u00f5rvalhoonetest. Vaatame \u00fcle ka p\u00f6\u00f6ningud ja keldrid. Teeme pakkumise korraga kogu pakutavale vanavarale. [&hellip;]<\/p>","protected":false},"author":1,"featured_media":0,"parent":0,"menu_order":0,"comment_status":"closed","ping_status":"closed","template":"page-full-width.php","meta":{"footnotes":""},"class_list":["post-2116","page","type-page","status-publish","hentry"],"jetpack_sharing_enabled":true,"_links":{"self":[{"href":"https:\/\/www.revalantiik.ee\/en\/wp-json\/wp\/v2\/pages\/2116","targetHints":{"allow":["GET"]}}],"collection":[{"href":"https:\/\/www.revalantiik.ee\/en\/wp-json\/wp\/v2\/pages"}],"about":[{"href":"https:\/\/www.revalantiik.ee\/en\/wp-json\/wp\/v2\/types\/page"}],"author":[{"embeddable":true,"href":"https:\/\/www.revalantiik.ee\/en\/wp-json\/wp\/v2\/users\/1"}],"replies":[{"embeddable":true,"href":"https:\/\/www.revalantiik.ee\/en\/wp-json\/wp\/v2\/comments?post=2116"}],"version-history":[{"count":40,"href":"https:\/\/www.revalantiik.ee\/en\/wp-json\/wp\/v2\/pages\/2116\/revisions"}],"predecessor-version":[{"id":11099,"href":"https:\/\/www.revalantiik.ee\/en\/wp-json\/wp\/v2\/pages\/2116\/revisions\/11099"}],"wp:attachment":[{"href":"https:\/\/www.revalantiik.ee\/en\/wp-json\/wp\/v2\/media?parent=2116"}],"curies":[{"name":"wp","href":"https:\/\/api.w.org\/{rel}","templated":true}]}}