{"id":10840,"date":"2023-01-01T00:00:00","date_gmt":"2022-12-31T22:00:00","guid":{"rendered":"https:\/\/www.revalantiik.ee\/?page_id=10840"},"modified":"2025-05-29T17:18:54","modified_gmt":"2025-05-29T15:18:54","slug":"tarnetingimused","status":"publish","type":"page","link":"https:\/\/www.revalantiik.ee\/en\/tarnetingimused\/","title":{"rendered":"Shipping Policy"},"content":{"rendered":"<div data-elementor-type=\"wp-page\" data-elementor-id=\"10840\" class=\"elementor elementor-10840\">\n\t\t\t\t<div class=\"elementor-element elementor-element-70305ed6 e-flex e-con-boxed e-con e-parent\" data-id=\"70305ed6\" data-element_type=\"container\">\n\t\t\t\t\t<div class=\"e-con-inner\">\n\t\t\t\t<div class=\"elementor-element elementor-element-3b275a68 elementor-widget elementor-widget-text-editor\" data-id=\"3b275a68\" data-element_type=\"widget\" data-widget_type=\"text-editor.default\">\n\t\t\t\t<div class=\"elementor-widget-container\">\n\t\t\t\t\t\t\t\t\t<p style=\"text-align: center;\"><span style=\"color: #001747; font-size: 30px; text-transform: uppercase; text-align: var(--text-align);\">Shipping Policy<\/span><\/p>\n<p><span style=\"color: #001747;\"><!-- \/wp:paragraph --><\/span><\/p>\n<p><span style=\"color: #001747;\"><!-- wp:paragraph --><\/span><\/p>\n<p><\/p>\n<p><span style=\"color: #001747;\"><strong>Shipping methods and regions<\/strong><\/span><\/p>\n<p><span style=\"color: rgb(0, 23, 71);\">Pickup or shipping for the order should be arranged by calling (<\/span><a href=\"tel:+3725118825\"><b>+372 5118825<\/b><\/a><span style=\"color: rgb(0, 23, 71);\">) or sending an e-mail (<\/span><a href=\"mailto:info@revalantiik.ee\"><b>info@revalantiik.ee<\/b><\/a><span style=\"color: rgb(0, 23, 71);\">to agree on shipping method and cost.<\/span><\/p>\n<p><\/p>\n<p><span style=\"color: #001747;\"><strong>Responsibility<\/strong><\/span><\/p>\n<p><span style=\"color: #001747;\">Reval Antiik (Varaait O\u00dc) does not take responsibility for products that are damaged during the shipping process and damaged goods are not to be reimbursed by the seller. Seller will give its best to package the order in the safest way possible, but does not take responsibility for damages that happen during the shipping.<\/span><\/p>\n<p><!-- \/wp:paragraph --><\/p>\t\t\t\t\t\t\t\t<\/div>\n\t\t\t\t<\/div>\n\t\t\t\t\t<\/div>\n\t\t\t\t<\/div>\n\t\t\t\t<\/div>","protected":false},"excerpt":{"rendered":"<p>tarnetingimused Tarneviisid ja regioonid Tellimusele j\u00e4reletulemiseks v\u00f5i transpordi korraldamiseks tuleks esmalt v\u00f5tta \u00fchendust telefoni (+372 5118825) v\u00f5i e-maili (info@revalantiik.ee) teel, et leppida kokku tarneviis ning maksumus. Vastutus Reval Antiik&nbsp;(Varaait O\u00dc) ei v\u00f5ta vastutust transpordi k\u00e4igus purunenud esemete eest ning need ei kuulu m\u00fc\u00fcja poolt kompenseerimisele. M\u00fc\u00fcja annab endast parima, et kaup komplekteerida v\u00f5imalikult turvalisel viisil, [&hellip;]<\/p>","protected":false},"author":1,"featured_media":0,"parent":0,"menu_order":0,"comment_status":"closed","ping_status":"closed","template":"","meta":{"footnotes":""},"class_list":["post-10840","page","type-page","status-publish","hentry"],"jetpack_sharing_enabled":true,"_links":{"self":[{"href":"https:\/\/www.revalantiik.ee\/en\/wp-json\/wp\/v2\/pages\/10840","targetHints":{"allow":["GET"]}}],"collection":[{"href":"https:\/\/www.revalantiik.ee\/en\/wp-json\/wp\/v2\/pages"}],"about":[{"href":"https:\/\/www.revalantiik.ee\/en\/wp-json\/wp\/v2\/types\/page"}],"author":[{"embeddable":true,"href":"https:\/\/www.revalantiik.ee\/en\/wp-json\/wp\/v2\/users\/1"}],"replies":[{"embeddable":true,"href":"https:\/\/www.revalantiik.ee\/en\/wp-json\/wp\/v2\/comments?post=10840"}],"version-history":[{"count":20,"href":"https:\/\/www.revalantiik.ee\/en\/wp-json\/wp\/v2\/pages\/10840\/revisions"}],"predecessor-version":[{"id":11736,"href":"https:\/\/www.revalantiik.ee\/en\/wp-json\/wp\/v2\/pages\/10840\/revisions\/11736"}],"wp:attachment":[{"href":"https:\/\/www.revalantiik.ee\/en\/wp-json\/wp\/v2\/media?parent=10840"}],"curies":[{"name":"wp","href":"https:\/\/api.w.org\/{rel}","templated":true}]}}